{"id":207,"date":"2023-04-24T18:33:22","date_gmt":"2023-04-24T18:33:22","guid":{"rendered":"https:\/\/cicrecife.com.br\/novo\/?page_id=207"},"modified":"2025-09-08T18:05:13","modified_gmt":"2025-09-08T18:05:13","slug":"quem-somos","status":"publish","type":"page","link":"https:\/\/cicrecife.com.br\/novo\/quem-somos\/","title":{"rendered":"Quem somos"},"content":{"rendered":"\t\t<div data-elementor-type=\"wp-page\" data-elementor-id=\"207\" class=\"elementor elementor-207\">\n\t\t\t\t\t\t\t<div class=\"elementor-element elementor-element-9773516 e-con-boxed e-con\" data-id=\"9773516\" data-element_type=\"container\" data-settings=\"{&quot;content_width&quot;:&quot;boxed&quot;}\">\n\t\t\t\t\t<div class=\"e-con-inner\">\n\t\t<div class=\"elementor-element elementor-element-34570b7 e-con-full e-con\" data-id=\"34570b7\" data-element_type=\"container\" data-settings=\"{&quot;content_width&quot;:&quot;full&quot;}\">\n\t\t\t\t<div class=\"elementor-element elementor-element-b69fda2 elementor-widget elementor-widget-heading\" data-id=\"b69fda2\" data-element_type=\"widget\" data-widget_type=\"heading.default\">\n\t\t\t\t<div class=\"elementor-widget-container\">\n\t\t\t<style>\/*! elementor - v3.12.2 - 23-04-2023 *\/\n.elementor-heading-title{padding:0;margin:0;line-height:1}.elementor-widget-heading .elementor-heading-title[class*=elementor-size-]>a{color:inherit;font-size:inherit;line-height:inherit}.elementor-widget-heading .elementor-heading-title.elementor-size-small{font-size:15px}.elementor-widget-heading .elementor-heading-title.elementor-size-medium{font-size:19px}.elementor-widget-heading .elementor-heading-title.elementor-size-large{font-size:29px}.elementor-widget-heading .elementor-heading-title.elementor-size-xl{font-size:39px}.elementor-widget-heading .elementor-heading-title.elementor-size-xxl{font-size:59px}<\/style><h2 class=\"elementor-heading-title elementor-size-default\">SOBRE N\u00d3S<\/h2>\t\t<\/div>\n\t\t\t\t<\/div>\n\t\t\t\t<div class=\"elementor-element elementor-element-053c850 elementor-widget elementor-widget-heading\" data-id=\"053c850\" data-element_type=\"widget\" data-widget_type=\"heading.default\">\n\t\t\t\t<div class=\"elementor-widget-container\">\n\t\t\t<h2 class=\"elementor-heading-title elementor-size-default\">Seja bem-vindo ao <b> Col\u00e9gio da Imaculada Concei\u00e7\u00e3o!<\/b><\/h2>\t\t<\/div>\n\t\t\t\t<\/div>\n\t\t\t\t<div class=\"elementor-element elementor-element-4a6beff elementor-widget elementor-widget-text-editor\" data-id=\"4a6beff\" data-element_type=\"widget\" data-widget_type=\"text-editor.default\">\n\t\t\t\t<div class=\"elementor-widget-container\">\n\t\t\t<style>\/*! elementor - v3.12.2 - 23-04-2023 *\/\n.elementor-widget-text-editor.elementor-drop-cap-view-stacked .elementor-drop-cap{background-color:#69727d;color:#fff}.elementor-widget-text-editor.elementor-drop-cap-view-framed .elementor-drop-cap{color:#69727d;border:3px solid;background-color:transparent}.elementor-widget-text-editor:not(.elementor-drop-cap-view-default) .elementor-drop-cap{margin-top:8px}.elementor-widget-text-editor:not(.elementor-drop-cap-view-default) .elementor-drop-cap-letter{width:1em;height:1em}.elementor-widget-text-editor .elementor-drop-cap{float:left;text-align:center;line-height:1;font-size:50px}.elementor-widget-text-editor .elementor-drop-cap-letter{display:inline-block}<\/style>\t\t\t\tO Col\u00e9gio da Imaculada Concei\u00e7\u00e3o, fruto da hist\u00f3ria de Frei Caetano de Messina, tem como Principal objetivo formar cidad\u00e3os felizes e realizados, conscientes de seu papel na sociedade, que sejam portadores e promotores da Paz e do Bem. Estamos constantemente buscando o aprimoramento do jovem como ser humano, apostando em sua forma\u00e7\u00e3o acad\u00eamica, sempre seguindo os princ\u00edpios crist\u00e3os. Fraternidade, solidariedade e justi\u00e7a social s\u00e3o valores que devem ser enraizados na mente e no cora\u00e7\u00e3o das pessoas desde a mais tenra idade. Dessa forma, encaminhamos ao mundo jovens comprometidos com a constru\u00e7\u00e3o de um mundo cada vez mais justo e democr\u00e1tico.\t\t\t\t\t\t<\/div>\n\t\t\t\t<\/div>\n\t\t\t\t<\/div>\n\t\t<div class=\"elementor-element elementor-element-b1359df e-con-full e-con\" data-id=\"b1359df\" data-element_type=\"container\" data-settings=\"{&quot;content_width&quot;:&quot;full&quot;,&quot;background_background&quot;:&quot;classic&quot;}\">\n\t\t\t\t<\/div>\n\t\t\t\t\t<\/div>\n\t\t\t\t<\/div>\n\t\t<div class=\"elementor-element elementor-element-fbc8d50 e-con-boxed e-con\" data-id=\"fbc8d50\" data-element_type=\"container\" data-settings=\"{&quot;content_width&quot;:&quot;boxed&quot;}\">\n\t\t\t\t\t<div class=\"e-con-inner\">\n\t\t\t\t<div class=\"elementor-element elementor-element-98e6a76 elementor-widget-divider--view-line elementor-widget elementor-widget-divider\" data-id=\"98e6a76\" data-element_type=\"widget\" data-widget_type=\"divider.default\">\n\t\t\t\t<div class=\"elementor-widget-container\">\n\t\t\t<style>\/*! elementor - v3.12.2 - 23-04-2023 *\/\n.elementor-widget-divider{--divider-border-style:none;--divider-border-width:1px;--divider-color:#0c0d0e;--divider-icon-size:20px;--divider-element-spacing:10px;--divider-pattern-height:24px;--divider-pattern-size:20px;--divider-pattern-url:none;--divider-pattern-repeat:repeat-x}.elementor-widget-divider .elementor-divider{display:flex}.elementor-widget-divider .elementor-divider__text{font-size:15px;line-height:1;max-width:95%}.elementor-widget-divider .elementor-divider__element{margin:0 var(--divider-element-spacing);flex-shrink:0}.elementor-widget-divider .elementor-icon{font-size:var(--divider-icon-size)}.elementor-widget-divider .elementor-divider-separator{display:flex;margin:0;direction:ltr}.elementor-widget-divider--view-line_icon .elementor-divider-separator,.elementor-widget-divider--view-line_text .elementor-divider-separator{align-items:center}.elementor-widget-divider--view-line_icon .elementor-divider-separator:after,.elementor-widget-divider--view-line_icon .elementor-divider-separator:before,.elementor-widget-divider--view-line_text .elementor-divider-separator:after,.elementor-widget-divider--view-line_text .elementor-divider-separator:before{display:block;content:\"\";border-bottom:0;flex-grow:1;border-top:var(--divider-border-width) var(--divider-border-style) var(--divider-color)}.elementor-widget-divider--element-align-left .elementor-divider .elementor-divider-separator>.elementor-divider__svg:first-of-type{flex-grow:0;flex-shrink:100}.elementor-widget-divider--element-align-left .elementor-divider-separator:before{content:none}.elementor-widget-divider--element-align-left .elementor-divider__element{margin-left:0}.elementor-widget-divider--element-align-right .elementor-divider .elementor-divider-separator>.elementor-divider__svg:last-of-type{flex-grow:0;flex-shrink:100}.elementor-widget-divider--element-align-right .elementor-divider-separator:after{content:none}.elementor-widget-divider--element-align-right .elementor-divider__element{margin-right:0}.elementor-widget-divider:not(.elementor-widget-divider--view-line_text):not(.elementor-widget-divider--view-line_icon) .elementor-divider-separator{border-top:var(--divider-border-width) var(--divider-border-style) var(--divider-color)}.elementor-widget-divider--separator-type-pattern{--divider-border-style:none}.elementor-widget-divider--separator-type-pattern.elementor-widget-divider--view-line .elementor-divider-separator,.elementor-widget-divider--separator-type-pattern:not(.elementor-widget-divider--view-line) .elementor-divider-separator:after,.elementor-widget-divider--separator-type-pattern:not(.elementor-widget-divider--view-line) .elementor-divider-separator:before,.elementor-widget-divider--separator-type-pattern:not([class*=elementor-widget-divider--view]) .elementor-divider-separator{width:100%;min-height:var(--divider-pattern-height);-webkit-mask-size:var(--divider-pattern-size) 100%;mask-size:var(--divider-pattern-size) 100%;-webkit-mask-repeat:var(--divider-pattern-repeat);mask-repeat:var(--divider-pattern-repeat);background-color:var(--divider-color);-webkit-mask-image:var(--divider-pattern-url);mask-image:var(--divider-pattern-url)}.elementor-widget-divider--no-spacing{--divider-pattern-size:auto}.elementor-widget-divider--bg-round{--divider-pattern-repeat:round}.rtl .elementor-widget-divider .elementor-divider__text{direction:rtl}.e-con-inner>.elementor-widget-divider,.e-con>.elementor-widget-divider{width:var(--container-widget-width,100%);--flex-grow:var(--container-widget-flex-grow)}<\/style>\t\t<div class=\"elementor-divider\">\n\t\t\t<span class=\"elementor-divider-separator\">\n\t\t\t\t\t\t<\/span>\n\t\t<\/div>\n\t\t\t\t<\/div>\n\t\t\t\t<\/div>\n\t\t\t\t\t<\/div>\n\t\t\t\t<\/div>\n\t\t<div class=\"elementor-element elementor-element-da38f5a e-con-boxed e-con\" data-id=\"da38f5a\" data-element_type=\"container\" data-settings=\"{&quot;content_width&quot;:&quot;boxed&quot;}\">\n\t\t\t\t\t<div class=\"e-con-inner\">\n\t\t\t\t<div class=\"elementor-element elementor-element-a376918 elementor-widget__width-initial elementor-widget elementor-widget-image\" data-id=\"a376918\" data-element_type=\"widget\" data-widget_type=\"image.default\">\n\t\t\t\t<div class=\"elementor-widget-container\">\n\t\t\t<style>\/*! elementor - v3.12.2 - 23-04-2023 *\/\n.elementor-widget-image{text-align:center}.elementor-widget-image a{display:inline-block}.elementor-widget-image a img[src$=\".svg\"]{width:48px}.elementor-widget-image img{vertical-align:middle;display:inline-block}<\/style>\t\t\t\t\t\t\t\t\t\t\t\t<img loading=\"lazy\" decoding=\"async\" width=\"116\" height=\"129\" src=\"https:\/\/cicrecife.com.br\/novo\/wp-content\/uploads\/2023\/04\/agrupar-7-copiar-8.webp\" class=\"elementor-animation-bob attachment-full size-full wp-image-36\" alt=\"\" \/>\t\t\t\t\t\t\t\t\t\t\t\t\t\t\t<\/div>\n\t\t\t\t<\/div>\n\t\t\t\t<div class=\"elementor-element elementor-element-ac7699a elementor-widget__width-initial elementor-widget elementor-widget-image\" data-id=\"ac7699a\" data-element_type=\"widget\" data-widget_type=\"image.default\">\n\t\t\t\t<div class=\"elementor-widget-container\">\n\t\t\t\t\t\t\t\t\t\t\t\t\t\t\t<img loading=\"lazy\" decoding=\"async\" width=\"124\" height=\"129\" src=\"https:\/\/cicrecife.com.br\/novo\/wp-content\/uploads\/2023\/04\/agrupar-7-copiar-11.webp\" class=\"elementor-animation-bob attachment-full size-full wp-image-39\" alt=\"\" \/>\t\t\t\t\t\t\t\t\t\t\t\t\t\t\t<\/div>\n\t\t\t\t<\/div>\n\t\t\t\t<div class=\"elementor-element elementor-element-6e5d8ec elementor-widget__width-initial elementor-widget elementor-widget-image\" data-id=\"6e5d8ec\" data-element_type=\"widget\" data-widget_type=\"image.default\">\n\t\t\t\t<div class=\"elementor-widget-container\">\n\t\t\t\t\t\t\t\t\t\t\t\t\t\t\t<img loading=\"lazy\" decoding=\"async\" width=\"112\" height=\"129\" src=\"https:\/\/cicrecife.com.br\/novo\/wp-content\/uploads\/2023\/04\/agrupar-7-copiar-13.webp\" class=\"elementor-animation-bob attachment-full size-full wp-image-41\" alt=\"\" \/>\t\t\t\t\t\t\t\t\t\t\t\t\t\t\t<\/div>\n\t\t\t\t<\/div>\n\t\t\t\t<div class=\"elementor-element elementor-element-e7eade4 elementor-widget__width-initial elementor-widget elementor-widget-image\" data-id=\"e7eade4\" data-element_type=\"widget\" data-widget_type=\"image.default\">\n\t\t\t\t<div class=\"elementor-widget-container\">\n\t\t\t\t\t\t\t\t\t\t\t\t\t\t\t<img loading=\"lazy\" decoding=\"async\" width=\"125\" height=\"129\" src=\"https:\/\/cicrecife.com.br\/novo\/wp-content\/uploads\/2023\/04\/agrupar-7-copiar-9.webp\" class=\"elementor-animation-bob attachment-full size-full wp-image-37\" alt=\"\" \/>\t\t\t\t\t\t\t\t\t\t\t\t\t\t\t<\/div>\n\t\t\t\t<\/div>\n\t\t\t\t<div class=\"elementor-element elementor-element-81c3fc1 elementor-widget__width-initial elementor-widget elementor-widget-image\" data-id=\"81c3fc1\" data-element_type=\"widget\" data-widget_type=\"image.default\">\n\t\t\t\t<div class=\"elementor-widget-container\">\n\t\t\t\t\t\t\t\t\t\t\t\t\t\t\t<img loading=\"lazy\" decoding=\"async\" width=\"116\" height=\"129\" src=\"https:\/\/cicrecife.com.br\/novo\/wp-content\/uploads\/2023\/04\/agrupar-7-copiar-10.webp\" class=\"elementor-animation-bob attachment-full size-full wp-image-38\" alt=\"\" \/>\t\t\t\t\t\t\t\t\t\t\t\t\t\t\t<\/div>\n\t\t\t\t<\/div>\n\t\t\t\t<div class=\"elementor-element elementor-element-c9d5b55 elementor-widget__width-initial elementor-widget elementor-widget-image\" data-id=\"c9d5b55\" data-element_type=\"widget\" data-widget_type=\"image.default\">\n\t\t\t\t<div class=\"elementor-widget-container\">\n\t\t\t\t\t\t\t\t\t\t\t\t\t\t\t<img loading=\"lazy\" decoding=\"async\" width=\"97\" height=\"132\" src=\"https:\/\/cicrecife.com.br\/novo\/wp-content\/uploads\/2023\/04\/agrupar-7-copiar-12.webp\" class=\"elementor-animation-bob attachment-full size-full wp-image-40\" alt=\"\" \/>\t\t\t\t\t\t\t\t\t\t\t\t\t\t\t<\/div>\n\t\t\t\t<\/div>\n\t\t\t\t\t<\/div>\n\t\t\t\t<\/div>\n\t\t<div class=\"elementor-element elementor-element-2bf508f e-con-boxed e-con\" data-id=\"2bf508f\" data-element_type=\"container\" data-settings=\"{&quot;background_background&quot;:&quot;classic&quot;,&quot;content_width&quot;:&quot;boxed&quot;}\">\n\t\t\t\t\t<div class=\"e-con-inner\">\n\t\t<div class=\"elementor-element elementor-element-5b83008 e-con-full e-con\" data-id=\"5b83008\" data-element_type=\"container\" data-settings=\"{&quot;content_width&quot;:&quot;full&quot;,&quot;background_background&quot;:&quot;classic&quot;}\">\n\t\t\t\t<div class=\"elementor-element elementor-element-2505b84 elementor-widget elementor-widget-heading\" data-id=\"2505b84\" data-element_type=\"widget\" data-widget_type=\"heading.default\">\n\t\t\t\t<div class=\"elementor-widget-container\">\n\t\t\t<h2 class=\"elementor-heading-title elementor-size-default\">MISS\u00c3O<\/h2>\t\t<\/div>\n\t\t\t\t<\/div>\n\t\t\t\t<div class=\"elementor-element elementor-element-c6e1969 elementor-widget-divider--view-line elementor-widget elementor-widget-divider\" data-id=\"c6e1969\" data-element_type=\"widget\" data-widget_type=\"divider.default\">\n\t\t\t\t<div class=\"elementor-widget-container\">\n\t\t\t\t\t<div class=\"elementor-divider\">\n\t\t\t<span class=\"elementor-divider-separator\">\n\t\t\t\t\t\t<\/span>\n\t\t<\/div>\n\t\t\t\t<\/div>\n\t\t\t\t<\/div>\n\t\t\t\t<div class=\"elementor-element elementor-element-5ec23bf elementor-widget elementor-widget-text-editor\" data-id=\"5ec23bf\" data-element_type=\"widget\" data-widget_type=\"text-editor.default\">\n\t\t\t\t<div class=\"elementor-widget-container\">\n\t\t\t\t\t\t\t<p style=\"text-align: center;\"><span style=\"color: #000080;\">Promover a integralidade da vida por meio da educa\u00e7\u00e3o. Significa gerar processos educacionais que levem em considera\u00e7\u00e3o a vida em todas as suas dimens\u00f5es: cultural, social, emocional, espiritual e intelectual.<\/span> <\/p>\t\t\t\t\t\t<\/div>\n\t\t\t\t<\/div>\n\t\t\t\t<\/div>\n\t\t<div class=\"elementor-element elementor-element-645bf45 e-con-full e-con\" data-id=\"645bf45\" data-element_type=\"container\" data-settings=\"{&quot;content_width&quot;:&quot;full&quot;,&quot;background_background&quot;:&quot;classic&quot;}\">\n\t\t\t\t<div class=\"elementor-element elementor-element-692a396 elementor-widget elementor-widget-heading\" data-id=\"692a396\" data-element_type=\"widget\" data-widget_type=\"heading.default\">\n\t\t\t\t<div class=\"elementor-widget-container\">\n\t\t\t<h2 class=\"elementor-heading-title elementor-size-default\">VIS\u00c3O<\/h2>\t\t<\/div>\n\t\t\t\t<\/div>\n\t\t\t\t<div class=\"elementor-element elementor-element-8f30370 elementor-widget-divider--view-line elementor-widget elementor-widget-divider\" data-id=\"8f30370\" data-element_type=\"widget\" data-widget_type=\"divider.default\">\n\t\t\t\t<div class=\"elementor-widget-container\">\n\t\t\t\t\t<div class=\"elementor-divider\">\n\t\t\t<span class=\"elementor-divider-separator\">\n\t\t\t\t\t\t<\/span>\n\t\t<\/div>\n\t\t\t\t<\/div>\n\t\t\t\t<\/div>\n\t\t\t\t<div class=\"elementor-element elementor-element-3c376bb elementor-widget elementor-widget-text-editor\" data-id=\"3c376bb\" data-element_type=\"widget\" data-widget_type=\"text-editor.default\">\n\t\t\t\t<div class=\"elementor-widget-container\">\n\t\t\t\t\t\t\t<p style=\"text-align: center;\"><span style=\"color: #000080;\">Ser refer\u00eancia em educa\u00e7\u00e3o integral humanizadora. Queremos que nossos educandos\/as e educadores\/as, a comunidade educativa e a sociedade em geral nos percebam como rede que educa a partir da vida, com vida e para a vida.<\/span><\/p>\t\t\t\t\t\t<\/div>\n\t\t\t\t<\/div>\n\t\t\t\t<\/div>\n\t\t<div class=\"elementor-element elementor-element-0a059ca e-con-full e-con\" data-id=\"0a059ca\" data-element_type=\"container\" data-settings=\"{&quot;content_width&quot;:&quot;full&quot;,&quot;background_background&quot;:&quot;classic&quot;}\">\n\t\t\t\t<div class=\"elementor-element elementor-element-174b153 elementor-widget elementor-widget-heading\" data-id=\"174b153\" data-element_type=\"widget\" data-widget_type=\"heading.default\">\n\t\t\t\t<div class=\"elementor-widget-container\">\n\t\t\t<h2 class=\"elementor-heading-title elementor-size-default\">VALORES<\/h2>\t\t<\/div>\n\t\t\t\t<\/div>\n\t\t\t\t<div class=\"elementor-element elementor-element-9b8bf30 elementor-widget-divider--view-line elementor-widget elementor-widget-divider\" data-id=\"9b8bf30\" data-element_type=\"widget\" data-widget_type=\"divider.default\">\n\t\t\t\t<div class=\"elementor-widget-container\">\n\t\t\t\t\t<div class=\"elementor-divider\">\n\t\t\t<span class=\"elementor-divider-separator\">\n\t\t\t\t\t\t<\/span>\n\t\t<\/div>\n\t\t\t\t<\/div>\n\t\t\t\t<\/div>\n\t\t\t\t<div class=\"elementor-element elementor-element-f29eecf elementor-widget elementor-widget-text-editor\" data-id=\"f29eecf\" data-element_type=\"widget\" data-widget_type=\"text-editor.default\">\n\t\t\t\t<div class=\"elementor-widget-container\">\n\t\t\t\t\t\t\t<p style=\"text-align: center;\"><span style=\"color: #000080;\">Espiritualidade integral e excel\u00eancia acad\u00eamica. <\/span><br \/><span style=\"color: #000080;\">Acolhida e servi\u00e7o <\/span><br \/><span style=\"color: #000080;\">Humilde e simplicidade <\/span><br \/><span style=\"color: #000080;\">Alegria e gentileza <\/span><br \/><span style=\"color: #000080;\">Empreendedorismo e resili\u00eancia <\/span><br \/><span style=\"color: #000080;\">Tradi\u00e7\u00e3o e inova\u00e7\u00e3o <\/span><br \/><span style=\"color: #000080;\">Compaix\u00e3o e responsabilidade social. <\/span><\/p>\t\t\t\t\t\t<\/div>\n\t\t\t\t<\/div>\n\t\t\t\t<\/div>\n\t\t\t\t\t<\/div>\n\t\t\t\t<\/div>\n\t\t<div class=\"elementor-element elementor-element-c63c44c e-con-boxed e-con\" data-id=\"c63c44c\" data-element_type=\"container\" data-settings=\"{&quot;background_background&quot;:&quot;classic&quot;,&quot;content_width&quot;:&quot;boxed&quot;}\">\n\t\t\t\t\t<div class=\"e-con-inner\">\n\t\t\t\t\t<\/div>\n\t\t\t\t<\/div>\n\t\t\t\t\t\t\t<\/div>\n\t\t","protected":false},"excerpt":{"rendered":"<p>SOBRE N\u00d3S Seja bem-vindo ao Col\u00e9gio da Imaculada Concei\u00e7\u00e3o! O Col\u00e9gio da Imaculada Concei\u00e7\u00e3o, fruto da hist\u00f3ria de Frei Caetano de Messina, tem como Principal objetivo formar cidad\u00e3os felizes e realizados, conscientes de seu papel na sociedade, que sejam portadores e promotores da Paz e do Bem. Estamos constantemente buscando o aprimoramento do jovem como [&hellip;]<\/p>\n","protected":false},"author":2,"featured_media":0,"parent":0,"menu_order":0,"comment_status":"closed","ping_status":"closed","template":"elementor_header_footer","meta":{"footnotes":"","_joinchat":[]},"yoast_head":"<!-- This site is optimized with the Yoast SEO plugin v20.6 - https:\/\/yoast.com\/wordpress\/plugins\/seo\/ -->\n<title>Quem somos - Col\u00e9gio da Imaculada Concei\u00e7\u00e3o<\/title>\n<meta name=\"robots\" content=\"index, follow, max-snippet:-1, max-image-preview:large, max-video-preview:-1\" \/>\n<link rel=\"canonical\" href=\"https:\/\/cicrecife.com.br\/novo\/quem-somos\/\" \/>\n<meta property=\"og:locale\" content=\"pt_BR\" \/>\n<meta property=\"og:type\" content=\"article\" \/>\n<meta property=\"og:title\" content=\"Quem somos - Col\u00e9gio da Imaculada Concei\u00e7\u00e3o\" \/>\n<meta property=\"og:description\" content=\"SOBRE N\u00d3S Seja bem-vindo ao Col\u00e9gio da Imaculada Concei\u00e7\u00e3o! O Col\u00e9gio da Imaculada Concei\u00e7\u00e3o, fruto da hist\u00f3ria de Frei Caetano de Messina, tem como Principal objetivo formar cidad\u00e3os felizes e realizados, conscientes de seu papel na sociedade, que sejam portadores e promotores da Paz e do Bem. Estamos constantemente buscando o aprimoramento do jovem como [&hellip;]\" \/>\n<meta property=\"og:url\" content=\"https:\/\/cicrecife.com.br\/novo\/quem-somos\/\" \/>\n<meta property=\"og:site_name\" content=\"Col\u00e9gio da Imaculada Concei\u00e7\u00e3o\" \/>\n<meta property=\"article:modified_time\" content=\"2025-09-08T18:05:13+00:00\" \/>\n<meta property=\"og:image\" content=\"https:\/\/cicrecife.com.br\/novo\/wp-content\/uploads\/2023\/04\/agrupar-7-copiar-8.webp\" \/>\n<meta name=\"twitter:card\" content=\"summary_large_image\" \/>\n<meta name=\"twitter:label1\" content=\"Est. tempo de leitura\" \/>\n\t<meta name=\"twitter:data1\" content=\"3 minutos\" \/>\n<script type=\"application\/ld+json\" class=\"yoast-schema-graph\">{\"@context\":\"https:\/\/schema.org\",\"@graph\":[{\"@type\":\"WebPage\",\"@id\":\"https:\/\/cicrecife.com.br\/novo\/quem-somos\/\",\"url\":\"https:\/\/cicrecife.com.br\/novo\/quem-somos\/\",\"name\":\"Quem somos - Col\u00e9gio da Imaculada Concei\u00e7\u00e3o\",\"isPartOf\":{\"@id\":\"https:\/\/cicrecife.com.br\/novo\/#website\"},\"datePublished\":\"2023-04-24T18:33:22+00:00\",\"dateModified\":\"2025-09-08T18:05:13+00:00\",\"breadcrumb\":{\"@id\":\"https:\/\/cicrecife.com.br\/novo\/quem-somos\/#breadcrumb\"},\"inLanguage\":\"pt-BR\",\"potentialAction\":[{\"@type\":\"ReadAction\",\"target\":[\"https:\/\/cicrecife.com.br\/novo\/quem-somos\/\"]}]},{\"@type\":\"BreadcrumbList\",\"@id\":\"https:\/\/cicrecife.com.br\/novo\/quem-somos\/#breadcrumb\",\"itemListElement\":[{\"@type\":\"ListItem\",\"position\":1,\"name\":\"Home\",\"item\":\"https:\/\/cicrecife.com.br\/novo\/\"},{\"@type\":\"ListItem\",\"position\":2,\"name\":\"Quem somos\"}]},{\"@type\":\"WebSite\",\"@id\":\"https:\/\/cicrecife.com.br\/novo\/#website\",\"url\":\"https:\/\/cicrecife.com.br\/novo\/\",\"name\":\"Col\u00e9gio da Imaculada Concei\u00e7\u00e3o\",\"description\":\"Col&eacute;gio da Imaculada Concei&ccedil;&atilde;o\",\"publisher\":{\"@id\":\"https:\/\/cicrecife.com.br\/novo\/#organization\"},\"potentialAction\":[{\"@type\":\"SearchAction\",\"target\":{\"@type\":\"EntryPoint\",\"urlTemplate\":\"https:\/\/cicrecife.com.br\/novo\/?s={search_term_string}\"},\"query-input\":\"required name=search_term_string\"}],\"inLanguage\":\"pt-BR\"},{\"@type\":\"Organization\",\"@id\":\"https:\/\/cicrecife.com.br\/novo\/#organization\",\"name\":\"Col\u00e9gio da Imaculada Concei\u00e7\u00e3o\",\"url\":\"https:\/\/cicrecife.com.br\/novo\/\",\"logo\":{\"@type\":\"ImageObject\",\"inLanguage\":\"pt-BR\",\"@id\":\"https:\/\/cicrecife.com.br\/novo\/#\/schema\/logo\/image\/\",\"url\":\"https:\/\/cicrecife.com.br\/novo\/wp-content\/uploads\/2023\/05\/Logo-CIC-2020-Copia.jpg\",\"contentUrl\":\"https:\/\/cicrecife.com.br\/novo\/wp-content\/uploads\/2023\/05\/Logo-CIC-2020-Copia.jpg\",\"width\":273,\"height\":151,\"caption\":\"Col\u00e9gio da Imaculada Concei\u00e7\u00e3o\"},\"image\":{\"@id\":\"https:\/\/cicrecife.com.br\/novo\/#\/schema\/logo\/image\/\"}}]}<\/script>\n<!-- \/ Yoast SEO plugin. -->","yoast_head_json":{"title":"Quem somos - Col\u00e9gio da Imaculada Concei\u00e7\u00e3o","robots":{"index":"index","follow":"follow","max-snippet":"max-snippet:-1","max-image-preview":"max-image-preview:large","max-video-preview":"max-video-preview:-1"},"canonical":"https:\/\/cicrecife.com.br\/novo\/quem-somos\/","og_locale":"pt_BR","og_type":"article","og_title":"Quem somos - Col\u00e9gio da Imaculada Concei\u00e7\u00e3o","og_description":"SOBRE N\u00d3S Seja bem-vindo ao Col\u00e9gio da Imaculada Concei\u00e7\u00e3o! O Col\u00e9gio da Imaculada Concei\u00e7\u00e3o, fruto da hist\u00f3ria de Frei Caetano de Messina, tem como Principal objetivo formar cidad\u00e3os felizes e realizados, conscientes de seu papel na sociedade, que sejam portadores e promotores da Paz e do Bem. Estamos constantemente buscando o aprimoramento do jovem como [&hellip;]","og_url":"https:\/\/cicrecife.com.br\/novo\/quem-somos\/","og_site_name":"Col\u00e9gio da Imaculada Concei\u00e7\u00e3o","article_modified_time":"2025-09-08T18:05:13+00:00","og_image":[{"url":"https:\/\/cicrecife.com.br\/novo\/wp-content\/uploads\/2023\/04\/agrupar-7-copiar-8.webp"}],"twitter_card":"summary_large_image","twitter_misc":{"Est. tempo de leitura":"3 minutos"},"schema":{"@context":"https:\/\/schema.org","@graph":[{"@type":"WebPage","@id":"https:\/\/cicrecife.com.br\/novo\/quem-somos\/","url":"https:\/\/cicrecife.com.br\/novo\/quem-somos\/","name":"Quem somos - Col\u00e9gio da Imaculada Concei\u00e7\u00e3o","isPartOf":{"@id":"https:\/\/cicrecife.com.br\/novo\/#website"},"datePublished":"2023-04-24T18:33:22+00:00","dateModified":"2025-09-08T18:05:13+00:00","breadcrumb":{"@id":"https:\/\/cicrecife.com.br\/novo\/quem-somos\/#breadcrumb"},"inLanguage":"pt-BR","potentialAction":[{"@type":"ReadAction","target":["https:\/\/cicrecife.com.br\/novo\/quem-somos\/"]}]},{"@type":"BreadcrumbList","@id":"https:\/\/cicrecife.com.br\/novo\/quem-somos\/#breadcrumb","itemListElement":[{"@type":"ListItem","position":1,"name":"Home","item":"https:\/\/cicrecife.com.br\/novo\/"},{"@type":"ListItem","position":2,"name":"Quem somos"}]},{"@type":"WebSite","@id":"https:\/\/cicrecife.com.br\/novo\/#website","url":"https:\/\/cicrecife.com.br\/novo\/","name":"Col\u00e9gio da Imaculada Concei\u00e7\u00e3o","description":"Col&eacute;gio da Imaculada Concei&ccedil;&atilde;o","publisher":{"@id":"https:\/\/cicrecife.com.br\/novo\/#organization"},"potentialAction":[{"@type":"SearchAction","target":{"@type":"EntryPoint","urlTemplate":"https:\/\/cicrecife.com.br\/novo\/?s={search_term_string}"},"query-input":"required name=search_term_string"}],"inLanguage":"pt-BR"},{"@type":"Organization","@id":"https:\/\/cicrecife.com.br\/novo\/#organization","name":"Col\u00e9gio da Imaculada Concei\u00e7\u00e3o","url":"https:\/\/cicrecife.com.br\/novo\/","logo":{"@type":"ImageObject","inLanguage":"pt-BR","@id":"https:\/\/cicrecife.com.br\/novo\/#\/schema\/logo\/image\/","url":"https:\/\/cicrecife.com.br\/novo\/wp-content\/uploads\/2023\/05\/Logo-CIC-2020-Copia.jpg","contentUrl":"https:\/\/cicrecife.com.br\/novo\/wp-content\/uploads\/2023\/05\/Logo-CIC-2020-Copia.jpg","width":273,"height":151,"caption":"Col\u00e9gio da Imaculada Concei\u00e7\u00e3o"},"image":{"@id":"https:\/\/cicrecife.com.br\/novo\/#\/schema\/logo\/image\/"}}]}},"_links":{"self":[{"href":"https:\/\/cicrecife.com.br\/novo\/wp-json\/wp\/v2\/pages\/207"}],"collection":[{"href":"https:\/\/cicrecife.com.br\/novo\/wp-json\/wp\/v2\/pages"}],"about":[{"href":"https:\/\/cicrecife.com.br\/novo\/wp-json\/wp\/v2\/types\/page"}],"author":[{"embeddable":true,"href":"https:\/\/cicrecife.com.br\/novo\/wp-json\/wp\/v2\/users\/2"}],"replies":[{"embeddable":true,"href":"https:\/\/cicrecife.com.br\/novo\/wp-json\/wp\/v2\/comments?post=207"}],"version-history":[{"count":70,"href":"https:\/\/cicrecife.com.br\/novo\/wp-json\/wp\/v2\/pages\/207\/revisions"}],"predecessor-version":[{"id":2326,"href":"https:\/\/cicrecife.com.br\/novo\/wp-json\/wp\/v2\/pages\/207\/revisions\/2326"}],"wp:attachment":[{"href":"https:\/\/cicrecife.com.br\/novo\/wp-json\/wp\/v2\/media?parent=207"}],"curies":[{"name":"wp","href":"https:\/\/api.w.org\/{rel}","templated":true}]}}