{"id":81,"date":"2023-04-24T15:26:28","date_gmt":"2023-04-24T15:26:28","guid":{"rendered":"https:\/\/cicrecife.com.br\/novo\/?page_id=81"},"modified":"2024-02-21T18:51:46","modified_gmt":"2024-02-21T18:51:46","slug":"administrativo","status":"publish","type":"page","link":"https:\/\/cicrecife.com.br\/novo\/administrativo\/","title":{"rendered":"Administrativo"},"content":{"rendered":"\t\t<div data-elementor-type=\"wp-page\" data-elementor-id=\"81\" class=\"elementor elementor-81\">\n\t\t\t\t\t\t\t<div class=\"elementor-element elementor-element-a80b2fd e-con-boxed e-con\" data-id=\"a80b2fd\" data-element_type=\"container\" data-settings=\"{&quot;content_width&quot;:&quot;boxed&quot;}\">\n\t\t\t\t\t<div class=\"e-con-inner\">\n\t\t\t\t<div class=\"elementor-element elementor-element-4afe083 elementor-widget__width-inherit elementor-widget elementor-widget-heading\" data-id=\"4afe083\" data-element_type=\"widget\" data-widget_type=\"heading.default\">\n\t\t\t\t<div class=\"elementor-widget-container\">\n\t\t\t<style>\/*! elementor - v3.12.2 - 23-04-2023 *\/\n.elementor-heading-title{padding:0;margin:0;line-height:1}.elementor-widget-heading .elementor-heading-title[class*=elementor-size-]>a{color:inherit;font-size:inherit;line-height:inherit}.elementor-widget-heading .elementor-heading-title.elementor-size-small{font-size:15px}.elementor-widget-heading .elementor-heading-title.elementor-size-medium{font-size:19px}.elementor-widget-heading .elementor-heading-title.elementor-size-large{font-size:29px}.elementor-widget-heading .elementor-heading-title.elementor-size-xl{font-size:39px}.elementor-widget-heading .elementor-heading-title.elementor-size-xxl{font-size:59px}<\/style><h2 class=\"elementor-heading-title elementor-size-default\">Administrativo<\/h2>\t\t<\/div>\n\t\t\t\t<\/div>\n\t\t\t\t<div class=\"elementor-element elementor-element-1d390e6 elementor-widget__width-inherit elementor-widget elementor-widget-heading\" data-id=\"1d390e6\" data-element_type=\"widget\" data-widget_type=\"heading.default\">\n\t\t\t\t<div class=\"elementor-widget-container\">\n\t\t\t<h2 class=\"elementor-heading-title elementor-size-default\">Seja bem-vindo (a) ao nosso<br>setor administrativo<\/h2>\t\t<\/div>\n\t\t\t\t<\/div>\n\t\t\t\t<div class=\"elementor-element elementor-element-b80f838 elementor-widget__width-initial elementor-widget elementor-widget-image\" data-id=\"b80f838\" data-element_type=\"widget\" data-widget_type=\"image.default\">\n\t\t\t\t<div class=\"elementor-widget-container\">\n\t\t\t<style>\/*! elementor - v3.12.2 - 23-04-2023 *\/\n.elementor-widget-image{text-align:center}.elementor-widget-image a{display:inline-block}.elementor-widget-image a img[src$=\".svg\"]{width:48px}.elementor-widget-image img{vertical-align:middle;display:inline-block}<\/style>\t\t\t\t\t\t\t\t\t\t\t\t\t<a href=\"\">\n\t\t\t\t\t\t\t<img loading=\"lazy\" decoding=\"async\" width=\"350\" height=\"258\" src=\"https:\/\/cicrecife.com.br\/novo\/wp-content\/uploads\/2023\/04\/1.webp\" class=\"attachment-full size-full wp-image-18\" alt=\"\" srcset=\"https:\/\/cicrecife.com.br\/novo\/wp-content\/uploads\/2023\/04\/1.webp 350w, https:\/\/cicrecife.com.br\/novo\/wp-content\/uploads\/2023\/04\/1-300x221.webp 300w\" sizes=\"(max-width: 350px) 100vw, 350px\" \/>\t\t\t\t\t\t\t\t<\/a>\n\t\t\t\t\t\t\t\t\t\t\t\t\t\t\t<\/div>\n\t\t\t\t<\/div>\n\t\t\t\t<div class=\"elementor-element elementor-element-ba421ca elementor-widget__width-initial elementor-widget elementor-widget-image\" data-id=\"ba421ca\" data-element_type=\"widget\" data-widget_type=\"image.default\">\n\t\t\t\t<div class=\"elementor-widget-container\">\n\t\t\t\t\t\t\t\t\t\t\t\t\t\t\t\t<a href=\"https:\/\/api.whatsapp.com\/send\/?phone=5581994634197&#038;text&#038;type=phone_number&#038;app_absent=0\">\n\t\t\t\t\t\t\t<img loading=\"lazy\" decoding=\"async\" width=\"350\" height=\"258\" src=\"https:\/\/cicrecife.com.br\/novo\/wp-content\/uploads\/2023\/04\/2.webp\" class=\"attachment-full size-full wp-image-20\" alt=\"\" srcset=\"https:\/\/cicrecife.com.br\/novo\/wp-content\/uploads\/2023\/04\/2.webp 350w, https:\/\/cicrecife.com.br\/novo\/wp-content\/uploads\/2023\/04\/2-300x221.webp 300w\" sizes=\"(max-width: 350px) 100vw, 350px\" \/>\t\t\t\t\t\t\t\t<\/a>\n\t\t\t\t\t\t\t\t\t\t\t\t\t\t\t<\/div>\n\t\t\t\t<\/div>\n\t\t\t\t<div class=\"elementor-element elementor-element-2b854dd elementor-widget__width-initial elementor-widget elementor-widget-image\" data-id=\"2b854dd\" data-element_type=\"widget\" data-widget_type=\"image.default\">\n\t\t\t\t<div class=\"elementor-widget-container\">\n\t\t\t\t\t\t\t\t\t\t\t\t\t\t\t\t<a href=\"https:\/\/api.whatsapp.com\/send\/?phone=5581994634197&#038;text&#038;type=phone_number&#038;app_absent=0\">\n\t\t\t\t\t\t\t<img loading=\"lazy\" decoding=\"async\" width=\"350\" height=\"258\" src=\"https:\/\/cicrecife.com.br\/novo\/wp-content\/uploads\/2023\/04\/3.webp\" class=\"attachment-full size-full wp-image-25\" alt=\"\" srcset=\"https:\/\/cicrecife.com.br\/novo\/wp-content\/uploads\/2023\/04\/3.webp 350w, https:\/\/cicrecife.com.br\/novo\/wp-content\/uploads\/2023\/04\/3-300x221.webp 300w\" sizes=\"(max-width: 350px) 100vw, 350px\" \/>\t\t\t\t\t\t\t\t<\/a>\n\t\t\t\t\t\t\t\t\t\t\t\t\t\t\t<\/div>\n\t\t\t\t<\/div>\n\t\t\t\t<div class=\"elementor-element elementor-element-0923ed1 elementor-widget__width-initial elementor-widget elementor-widget-image\" data-id=\"0923ed1\" data-element_type=\"widget\" data-widget_type=\"image.default\">\n\t\t\t\t<div class=\"elementor-widget-container\">\n\t\t\t\t\t\t\t\t\t\t\t\t\t\t\t\t<a href=\"https:\/\/siga.activesoft.com.br\/login\/?instituicao=CIC_RECIFE\">\n\t\t\t\t\t\t\t<img loading=\"lazy\" decoding=\"async\" width=\"350\" height=\"258\" src=\"https:\/\/cicrecife.com.br\/novo\/wp-content\/uploads\/2023\/04\/2-copiar.webp\" class=\"attachment-full size-full wp-image-21\" alt=\"\" srcset=\"https:\/\/cicrecife.com.br\/novo\/wp-content\/uploads\/2023\/04\/2-copiar.webp 350w, https:\/\/cicrecife.com.br\/novo\/wp-content\/uploads\/2023\/04\/2-copiar-300x221.webp 300w\" sizes=\"(max-width: 350px) 100vw, 350px\" \/>\t\t\t\t\t\t\t\t<\/a>\n\t\t\t\t\t\t\t\t\t\t\t\t\t\t\t<\/div>\n\t\t\t\t<\/div>\n\t\t\t\t<div class=\"elementor-element elementor-element-2c5a348 elementor-widget__width-initial elementor-widget elementor-widget-image\" data-id=\"2c5a348\" data-element_type=\"widget\" data-widget_type=\"image.default\">\n\t\t\t\t<div class=\"elementor-widget-container\">\n\t\t\t\t\t\t\t\t\t\t\t\t\t\t\t\t<a href=\"https:\/\/philos.sophia.com.br\/terminal\/7025\">\n\t\t\t\t\t\t\t<img loading=\"lazy\" decoding=\"async\" width=\"350\" height=\"258\" src=\"https:\/\/cicrecife.com.br\/novo\/wp-content\/uploads\/2023\/04\/3-copiar.webp\" class=\"attachment-full size-full wp-image-26\" alt=\"\" srcset=\"https:\/\/cicrecife.com.br\/novo\/wp-content\/uploads\/2023\/04\/3-copiar.webp 350w, https:\/\/cicrecife.com.br\/novo\/wp-content\/uploads\/2023\/04\/3-copiar-300x221.webp 300w\" sizes=\"(max-width: 350px) 100vw, 350px\" \/>\t\t\t\t\t\t\t\t<\/a>\n\t\t\t\t\t\t\t\t\t\t\t\t\t\t\t<\/div>\n\t\t\t\t<\/div>\n\t\t\t\t\t<\/div>\n\t\t\t\t<\/div>\n\t\t\t\t\t\t\t<\/div>\n\t\t","protected":false},"excerpt":{"rendered":"<p>Administrativo Seja bem-vindo (a) ao nossosetor administrativo<\/p>\n","protected":false},"author":2,"featured_media":0,"parent":0,"menu_order":0,"comment_status":"closed","ping_status":"closed","template":"elementor_header_footer","meta":{"footnotes":"","_joinchat":[]},"yoast_head":"<!-- This site is optimized with the Yoast SEO plugin v20.6 - https:\/\/yoast.com\/wordpress\/plugins\/seo\/ -->\n<title>Administrativo - Col\u00e9gio da Imaculada Concei\u00e7\u00e3o<\/title>\n<meta name=\"robots\" content=\"index, follow, max-snippet:-1, max-image-preview:large, max-video-preview:-1\" \/>\n<link rel=\"canonical\" href=\"https:\/\/cicrecife.com.br\/novo\/administrativo\/\" \/>\n<meta property=\"og:locale\" content=\"pt_BR\" \/>\n<meta property=\"og:type\" content=\"article\" \/>\n<meta property=\"og:title\" content=\"Administrativo - Col\u00e9gio da Imaculada Concei\u00e7\u00e3o\" \/>\n<meta property=\"og:description\" content=\"Administrativo Seja bem-vindo (a) ao nossosetor administrativo\" \/>\n<meta property=\"og:url\" content=\"https:\/\/cicrecife.com.br\/novo\/administrativo\/\" \/>\n<meta property=\"og:site_name\" content=\"Col\u00e9gio da Imaculada Concei\u00e7\u00e3o\" \/>\n<meta property=\"article:modified_time\" content=\"2024-02-21T18:51:46+00:00\" \/>\n<meta property=\"og:image\" content=\"https:\/\/cicrecife.com.br\/novo\/wp-content\/uploads\/2023\/04\/1.webp\" \/>\n<meta name=\"twitter:card\" content=\"summary_large_image\" \/>\n<meta name=\"twitter:label1\" content=\"Est. tempo de leitura\" \/>\n\t<meta name=\"twitter:data1\" content=\"2 minutos\" \/>\n<script type=\"application\/ld+json\" class=\"yoast-schema-graph\">{\"@context\":\"https:\/\/schema.org\",\"@graph\":[{\"@type\":\"WebPage\",\"@id\":\"https:\/\/cicrecife.com.br\/novo\/administrativo\/\",\"url\":\"https:\/\/cicrecife.com.br\/novo\/administrativo\/\",\"name\":\"Administrativo - Col\u00e9gio da Imaculada Concei\u00e7\u00e3o\",\"isPartOf\":{\"@id\":\"https:\/\/cicrecife.com.br\/novo\/#website\"},\"datePublished\":\"2023-04-24T15:26:28+00:00\",\"dateModified\":\"2024-02-21T18:51:46+00:00\",\"breadcrumb\":{\"@id\":\"https:\/\/cicrecife.com.br\/novo\/administrativo\/#breadcrumb\"},\"inLanguage\":\"pt-BR\",\"potentialAction\":[{\"@type\":\"ReadAction\",\"target\":[\"https:\/\/cicrecife.com.br\/novo\/administrativo\/\"]}]},{\"@type\":\"BreadcrumbList\",\"@id\":\"https:\/\/cicrecife.com.br\/novo\/administrativo\/#breadcrumb\",\"itemListElement\":[{\"@type\":\"ListItem\",\"position\":1,\"name\":\"Home\",\"item\":\"https:\/\/cicrecife.com.br\/novo\/\"},{\"@type\":\"ListItem\",\"position\":2,\"name\":\"Administrativo\"}]},{\"@type\":\"WebSite\",\"@id\":\"https:\/\/cicrecife.com.br\/novo\/#website\",\"url\":\"https:\/\/cicrecife.com.br\/novo\/\",\"name\":\"Col\u00e9gio da Imaculada Concei\u00e7\u00e3o\",\"description\":\"Col&eacute;gio da Imaculada Concei&ccedil;&atilde;o\",\"publisher\":{\"@id\":\"https:\/\/cicrecife.com.br\/novo\/#organization\"},\"potentialAction\":[{\"@type\":\"SearchAction\",\"target\":{\"@type\":\"EntryPoint\",\"urlTemplate\":\"https:\/\/cicrecife.com.br\/novo\/?s={search_term_string}\"},\"query-input\":\"required name=search_term_string\"}],\"inLanguage\":\"pt-BR\"},{\"@type\":\"Organization\",\"@id\":\"https:\/\/cicrecife.com.br\/novo\/#organization\",\"name\":\"Col\u00e9gio da Imaculada Concei\u00e7\u00e3o\",\"url\":\"https:\/\/cicrecife.com.br\/novo\/\",\"logo\":{\"@type\":\"ImageObject\",\"inLanguage\":\"pt-BR\",\"@id\":\"https:\/\/cicrecife.com.br\/novo\/#\/schema\/logo\/image\/\",\"url\":\"https:\/\/cicrecife.com.br\/novo\/wp-content\/uploads\/2023\/05\/Logo-CIC-2020-Copia.jpg\",\"contentUrl\":\"https:\/\/cicrecife.com.br\/novo\/wp-content\/uploads\/2023\/05\/Logo-CIC-2020-Copia.jpg\",\"width\":273,\"height\":151,\"caption\":\"Col\u00e9gio da Imaculada Concei\u00e7\u00e3o\"},\"image\":{\"@id\":\"https:\/\/cicrecife.com.br\/novo\/#\/schema\/logo\/image\/\"}}]}<\/script>\n<!-- \/ Yoast SEO plugin. -->","yoast_head_json":{"title":"Administrativo - Col\u00e9gio da Imaculada Concei\u00e7\u00e3o","robots":{"index":"index","follow":"follow","max-snippet":"max-snippet:-1","max-image-preview":"max-image-preview:large","max-video-preview":"max-video-preview:-1"},"canonical":"https:\/\/cicrecife.com.br\/novo\/administrativo\/","og_locale":"pt_BR","og_type":"article","og_title":"Administrativo - Col\u00e9gio da Imaculada Concei\u00e7\u00e3o","og_description":"Administrativo Seja bem-vindo (a) ao nossosetor administrativo","og_url":"https:\/\/cicrecife.com.br\/novo\/administrativo\/","og_site_name":"Col\u00e9gio da Imaculada Concei\u00e7\u00e3o","article_modified_time":"2024-02-21T18:51:46+00:00","og_image":[{"url":"https:\/\/cicrecife.com.br\/novo\/wp-content\/uploads\/2023\/04\/1.webp"}],"twitter_card":"summary_large_image","twitter_misc":{"Est. tempo de leitura":"2 minutos"},"schema":{"@context":"https:\/\/schema.org","@graph":[{"@type":"WebPage","@id":"https:\/\/cicrecife.com.br\/novo\/administrativo\/","url":"https:\/\/cicrecife.com.br\/novo\/administrativo\/","name":"Administrativo - Col\u00e9gio da Imaculada Concei\u00e7\u00e3o","isPartOf":{"@id":"https:\/\/cicrecife.com.br\/novo\/#website"},"datePublished":"2023-04-24T15:26:28+00:00","dateModified":"2024-02-21T18:51:46+00:00","breadcrumb":{"@id":"https:\/\/cicrecife.com.br\/novo\/administrativo\/#breadcrumb"},"inLanguage":"pt-BR","potentialAction":[{"@type":"ReadAction","target":["https:\/\/cicrecife.com.br\/novo\/administrativo\/"]}]},{"@type":"BreadcrumbList","@id":"https:\/\/cicrecife.com.br\/novo\/administrativo\/#breadcrumb","itemListElement":[{"@type":"ListItem","position":1,"name":"Home","item":"https:\/\/cicrecife.com.br\/novo\/"},{"@type":"ListItem","position":2,"name":"Administrativo"}]},{"@type":"WebSite","@id":"https:\/\/cicrecife.com.br\/novo\/#website","url":"https:\/\/cicrecife.com.br\/novo\/","name":"Col\u00e9gio da Imaculada Concei\u00e7\u00e3o","description":"Col&eacute;gio da Imaculada Concei&ccedil;&atilde;o","publisher":{"@id":"https:\/\/cicrecife.com.br\/novo\/#organization"},"potentialAction":[{"@type":"SearchAction","target":{"@type":"EntryPoint","urlTemplate":"https:\/\/cicrecife.com.br\/novo\/?s={search_term_string}"},"query-input":"required name=search_term_string"}],"inLanguage":"pt-BR"},{"@type":"Organization","@id":"https:\/\/cicrecife.com.br\/novo\/#organization","name":"Col\u00e9gio da Imaculada Concei\u00e7\u00e3o","url":"https:\/\/cicrecife.com.br\/novo\/","logo":{"@type":"ImageObject","inLanguage":"pt-BR","@id":"https:\/\/cicrecife.com.br\/novo\/#\/schema\/logo\/image\/","url":"https:\/\/cicrecife.com.br\/novo\/wp-content\/uploads\/2023\/05\/Logo-CIC-2020-Copia.jpg","contentUrl":"https:\/\/cicrecife.com.br\/novo\/wp-content\/uploads\/2023\/05\/Logo-CIC-2020-Copia.jpg","width":273,"height":151,"caption":"Col\u00e9gio da Imaculada Concei\u00e7\u00e3o"},"image":{"@id":"https:\/\/cicrecife.com.br\/novo\/#\/schema\/logo\/image\/"}}]}},"_links":{"self":[{"href":"https:\/\/cicrecife.com.br\/novo\/wp-json\/wp\/v2\/pages\/81"}],"collection":[{"href":"https:\/\/cicrecife.com.br\/novo\/wp-json\/wp\/v2\/pages"}],"about":[{"href":"https:\/\/cicrecife.com.br\/novo\/wp-json\/wp\/v2\/types\/page"}],"author":[{"embeddable":true,"href":"https:\/\/cicrecife.com.br\/novo\/wp-json\/wp\/v2\/users\/2"}],"replies":[{"embeddable":true,"href":"https:\/\/cicrecife.com.br\/novo\/wp-json\/wp\/v2\/comments?post=81"}],"version-history":[{"count":26,"href":"https:\/\/cicrecife.com.br\/novo\/wp-json\/wp\/v2\/pages\/81\/revisions"}],"predecessor-version":[{"id":2025,"href":"https:\/\/cicrecife.com.br\/novo\/wp-json\/wp\/v2\/pages\/81\/revisions\/2025"}],"wp:attachment":[{"href":"https:\/\/cicrecife.com.br\/novo\/wp-json\/wp\/v2\/media?parent=81"}],"curies":[{"name":"wp","href":"https:\/\/api.w.org\/{rel}","templated":true}]}}